{"id":103,"date":"2026-04-12T21:04:53","date_gmt":"2026-04-12T21:04:53","guid":{"rendered":"https:\/\/peliplus.it.com\/?page_id=103"},"modified":"2026-04-12T18:03:53","modified_gmt":"2026-04-12T22:03:53","slug":"goat-la-cabra-que-cambio-el-juego-2026","status":"publish","type":"page","link":"https:\/\/peliplus.it.com\/?page_id=103","title":{"rendered":"GOAT: La cabra que cambi\u00f3 el juego (2026)\u00a0"},"content":{"rendered":"\n<figure class=\"wp-block-video\"><video height=\"720\" style=\"aspect-ratio: 1728 \/ 720;\" width=\"1728\" controls loop src=\"https:\/\/peliplus.it.com\/wp-content\/uploads\/2026\/04\/GOAT-La-cabra-que-cambio-el-juego-2026-HD-Online-Audio-Latino.mp4\" playsinline><\/video><\/figure>\n\n\n\n<p>Will es una peque\u00f1a cabra con grandes sue\u00f1os que recibe una oportunidad \u00fanica en la vida para unirse a los profesionales y jugar al rugebol, un deporte de alta intensidad, mixto y de contacto total dominado por los animales m\u00e1s r\u00e1pidos y feroces del mundo. A los nuevos compa\u00f1eros de equipo de Will no les entusiasma tener a una cabrita en su plantilla, pero Will est\u00e1 decidido a revolucionar el deporte y demostrar de una vez por todas que \u00ab\u00a1los peque\u00f1os saben jugar!\u00bb.<\/p>\n\n\n\n<ul class=\"wp-block-list\">\n<li><strong>T\u00edtulo original<\/strong>&nbsp;GOAT: La cabra que cambi\u00f3 el juego<\/li>\n\n\n\n<li><strong>Director<\/strong>\u00a0Tyree Dillihay<\/li>\n\n\n\n<li><strong>G\u00e9neros<\/strong>\u00a0Animaci\u00f3n\u00a0\/\u00a0Comedia\u00a0\/\u00a0Familia\u00a0\/\u00a0Acci\u00f3n<\/li>\n\n\n\n<li><strong>Actor<\/strong>\u00a0Caleb McLaughlin,\u00a0Gabrielle Union,\u00a0Jenifer Lewis,\u00a0David Harbour,\u00a0Nick Kroll,\u00a0Nicola Coughlan,\u00a0Patton Oswalt,\u00a0Stephen Curry,\u00a0Aaron Pierre<\/li>\n<\/ul>\n","protected":false},"excerpt":{"rendered":"<p>Will es una peque\u00f1a cabra con grandes sue\u00f1os que recibe una oportunidad \u00fanica en la vida para unirse a los profesionales y jugar al rugebol, un deporte de alta intensidad, mixto y de contacto total dominado por los animales m\u00e1s&#8230; <\/p>\n","protected":false},"author":1,"featured_media":0,"parent":0,"menu_order":0,"comment_status":"closed","ping_status":"closed","template":"","meta":{"footnotes":""},"class_list":["post-103","page","type-page","status-publish","hentry"],"yoast_head":"<!-- This site is optimized with the Yoast SEO plugin v27.1.1 - https:\/\/yoast.com\/product\/yoast-seo-wordpress\/ -->\n<title>GOAT: La cabra que cambi\u00f3 el juego (2026)\u00a0 - Peliplus<\/title>\n<meta name=\"robots\" content=\"index, follow, max-snippet:-1, max-image-preview:large, max-video-preview:-1\" \/>\n<link rel=\"canonical\" href=\"https:\/\/peliplus.it.com\/?page_id=103\" \/>\n<meta property=\"og:locale\" content=\"es_ES\" \/>\n<meta property=\"og:type\" content=\"article\" \/>\n<meta property=\"og:title\" content=\"GOAT: La cabra que cambi\u00f3 el juego (2026)\u00a0 - Peliplus\" \/>\n<meta property=\"og:description\" content=\"Will es una peque\u00f1a cabra con grandes sue\u00f1os que recibe una oportunidad \u00fanica en la vida para unirse a los profesionales y jugar al rugebol, un deporte de alta intensidad, mixto y de contacto total dominado por los animales m\u00e1s...\" \/>\n<meta property=\"og:url\" content=\"https:\/\/peliplus.it.com\/?page_id=103\" \/>\n<meta property=\"og:site_name\" content=\"Peliplus\" \/>\n<meta property=\"article:modified_time\" content=\"2026-04-12T22:03:53+00:00\" \/>\n<meta name=\"twitter:card\" content=\"summary_large_image\" \/>\n<meta name=\"twitter:label1\" content=\"Est. reading time\" \/>\n\t<meta name=\"twitter:data1\" content=\"1 minute\" \/>\n<script type=\"application\/ld+json\" class=\"yoast-schema-graph\">{\"@context\":\"https:\/\/schema.org\",\"@graph\":[{\"@type\":\"WebPage\",\"@id\":\"https:\/\/peliplus.it.com\/?page_id=103\",\"url\":\"https:\/\/peliplus.it.com\/?page_id=103\",\"name\":\"GOAT: La cabra que cambi\u00f3 el juego (2026)\u00a0 - Peliplus\",\"isPartOf\":{\"@id\":\"https:\/\/peliplus.it.com\/#website\"},\"datePublished\":\"2026-04-12T21:04:53+00:00\",\"dateModified\":\"2026-04-12T22:03:53+00:00\",\"breadcrumb\":{\"@id\":\"https:\/\/peliplus.it.com\/?page_id=103#breadcrumb\"},\"inLanguage\":\"es-PE\",\"potentialAction\":[{\"@type\":\"ReadAction\",\"target\":[\"https:\/\/peliplus.it.com\/?page_id=103\"]}]},{\"@type\":\"BreadcrumbList\",\"@id\":\"https:\/\/peliplus.it.com\/?page_id=103#breadcrumb\",\"itemListElement\":[{\"@type\":\"ListItem\",\"position\":1,\"name\":\"Home\",\"item\":\"https:\/\/peliplus.it.com\/\"},{\"@type\":\"ListItem\",\"position\":2,\"name\":\"GOAT: La cabra que cambi\u00f3 el juego (2026)\u00a0\"}]},{\"@type\":\"WebSite\",\"@id\":\"https:\/\/peliplus.it.com\/#website\",\"url\":\"https:\/\/peliplus.it.com\/\",\"name\":\"Peliplus\",\"description\":\"peliculas en estrenos , comedia, accion, ciencia ficcion, etc\",\"potentialAction\":[{\"@type\":\"SearchAction\",\"target\":{\"@type\":\"EntryPoint\",\"urlTemplate\":\"https:\/\/peliplus.it.com\/?s={search_term_string}\"},\"query-input\":{\"@type\":\"PropertyValueSpecification\",\"valueRequired\":true,\"valueName\":\"search_term_string\"}}],\"inLanguage\":\"es-PE\"}]}<\/script>\n<!-- \/ Yoast SEO plugin. -->","yoast_head_json":{"title":"GOAT: La cabra que cambi\u00f3 el juego (2026)\u00a0 - Peliplus","robots":{"index":"index","follow":"follow","max-snippet":"max-snippet:-1","max-image-preview":"max-image-preview:large","max-video-preview":"max-video-preview:-1"},"canonical":"https:\/\/peliplus.it.com\/?page_id=103","og_locale":"es_ES","og_type":"article","og_title":"GOAT: La cabra que cambi\u00f3 el juego (2026)\u00a0 - Peliplus","og_description":"Will es una peque\u00f1a cabra con grandes sue\u00f1os que recibe una oportunidad \u00fanica en la vida para unirse a los profesionales y jugar al rugebol, un deporte de alta intensidad, mixto y de contacto total dominado por los animales m\u00e1s...","og_url":"https:\/\/peliplus.it.com\/?page_id=103","og_site_name":"Peliplus","article_modified_time":"2026-04-12T22:03:53+00:00","twitter_card":"summary_large_image","twitter_misc":{"Est. reading time":"1 minute"},"schema":{"@context":"https:\/\/schema.org","@graph":[{"@type":"WebPage","@id":"https:\/\/peliplus.it.com\/?page_id=103","url":"https:\/\/peliplus.it.com\/?page_id=103","name":"GOAT: La cabra que cambi\u00f3 el juego (2026)\u00a0 - Peliplus","isPartOf":{"@id":"https:\/\/peliplus.it.com\/#website"},"datePublished":"2026-04-12T21:04:53+00:00","dateModified":"2026-04-12T22:03:53+00:00","breadcrumb":{"@id":"https:\/\/peliplus.it.com\/?page_id=103#breadcrumb"},"inLanguage":"es-PE","potentialAction":[{"@type":"ReadAction","target":["https:\/\/peliplus.it.com\/?page_id=103"]}]},{"@type":"BreadcrumbList","@id":"https:\/\/peliplus.it.com\/?page_id=103#breadcrumb","itemListElement":[{"@type":"ListItem","position":1,"name":"Home","item":"https:\/\/peliplus.it.com\/"},{"@type":"ListItem","position":2,"name":"GOAT: La cabra que cambi\u00f3 el juego (2026)\u00a0"}]},{"@type":"WebSite","@id":"https:\/\/peliplus.it.com\/#website","url":"https:\/\/peliplus.it.com\/","name":"Peliplus","description":"peliculas en estrenos , comedia, accion, ciencia ficcion, etc","potentialAction":[{"@type":"SearchAction","target":{"@type":"EntryPoint","urlTemplate":"https:\/\/peliplus.it.com\/?s={search_term_string}"},"query-input":{"@type":"PropertyValueSpecification","valueRequired":true,"valueName":"search_term_string"}}],"inLanguage":"es-PE"}]}},"_links":{"self":[{"href":"https:\/\/peliplus.it.com\/index.php?rest_route=\/wp\/v2\/pages\/103","targetHints":{"allow":["GET"]}}],"collection":[{"href":"https:\/\/peliplus.it.com\/index.php?rest_route=\/wp\/v2\/pages"}],"about":[{"href":"https:\/\/peliplus.it.com\/index.php?rest_route=\/wp\/v2\/types\/page"}],"author":[{"embeddable":true,"href":"https:\/\/peliplus.it.com\/index.php?rest_route=\/wp\/v2\/users\/1"}],"replies":[{"embeddable":true,"href":"https:\/\/peliplus.it.com\/index.php?rest_route=%2Fwp%2Fv2%2Fcomments&post=103"}],"version-history":[{"count":5,"href":"https:\/\/peliplus.it.com\/index.php?rest_route=\/wp\/v2\/pages\/103\/revisions"}],"predecessor-version":[{"id":108,"href":"https:\/\/peliplus.it.com\/index.php?rest_route=\/wp\/v2\/pages\/103\/revisions\/108"}],"wp:attachment":[{"href":"https:\/\/peliplus.it.com\/index.php?rest_route=%2Fwp%2Fv2%2Fmedia&parent=103"}],"curies":[{"name":"wp","href":"https:\/\/api.w.org\/{rel}","templated":true}]}}