{"id":115,"date":"2026-04-20T20:15:03","date_gmt":"2026-04-21T00:15:03","guid":{"rendered":"https:\/\/peliplus.it.com\/?page_id=115"},"modified":"2026-04-20T20:15:04","modified_gmt":"2026-04-21T00:15:04","slug":"hoppers-operacion-castor","status":"publish","type":"page","link":"https:\/\/peliplus.it.com\/?page_id=115","title":{"rendered":"Hoppers: Operaci\u00f3n castor"},"content":{"rendered":"\n<figure class=\"wp-block-video\"><video controls src=\"https:\/\/player.okpeliz.com\/videoplayback\/85f9fac63744712fe2ed9802526bb197\/d41cfe7472fd3561854a169f602eb433\/720p\/Mkc2TW1uTGt5aHp1L25panVKQW5JQT09OjrLVuUtFQ3a0usGSB8E3b2G\"><\/video><\/figure>\n\n\n\n<p>Pel\u00edculas&nbsp;PG&nbsp;&nbsp;7.6&nbsp;2026&nbsp;105 min<\/p>\n\n\n\n<p>Mabel, una amante de los animales, utiliza una nueva e inteligente tecnolog\u00eda dise\u00f1ada para \u00abtransmitir\u00bb la conciencia humana a animales rob\u00f3ticos realistas en un intento de comunicarse con los castores, descubriendo misterios dentro del mundo animal m\u00e1s all\u00e1 de lo que pudiera haber imaginado.<\/p>\n\n\n\n<p>Pa\u00eds: USA<\/p>\n\n\n\n<p>G\u00e9nero:Animaci\u00f3n,\u00a0 Ciencia ficci\u00f3n,\u00a0Comedia,\u00a0Familia<\/p>\n\n\n\n<p>A\u00f1o: 2026<\/p>\n\n\n\n<p>Director: Daniel Chong<\/p>\n\n\n\n<p>Actores: Bobby Moynihan,\u00a0Jon Hamm,\u00a0Piper Curda<\/p>\n\n\n\n<p>Tags: 3d animation,\u00a0aftercreditsstinger,\u00a0beaver,\u00a0consciousness,\u00a0duringcreditsstinger<\/p>\n","protected":false},"excerpt":{"rendered":"<p>Pel\u00edculas&nbsp;PG&nbsp;&nbsp;7.6&nbsp;2026&nbsp;105 min Mabel, una amante de los animales, utiliza una nueva e inteligente tecnolog\u00eda dise\u00f1ada para \u00abtransmitir\u00bb la conciencia humana a animales rob\u00f3ticos realistas en un intento de comunicarse con los castores, descubriendo misterios dentro del mundo animal m\u00e1s all\u00e1&#8230; <\/p>\n","protected":false},"author":1,"featured_media":0,"parent":0,"menu_order":0,"comment_status":"closed","ping_status":"closed","template":"","meta":{"footnotes":""},"class_list":["post-115","page","type-page","status-publish","hentry"],"yoast_head":"<!-- This site is optimized with the Yoast SEO plugin v27.1.1 - https:\/\/yoast.com\/product\/yoast-seo-wordpress\/ -->\n<title>Hoppers: Operaci\u00f3n castor - Peliplus<\/title>\n<meta name=\"robots\" content=\"index, follow, max-snippet:-1, max-image-preview:large, max-video-preview:-1\" \/>\n<link rel=\"canonical\" href=\"https:\/\/peliplus.it.com\/?page_id=115\" \/>\n<meta property=\"og:locale\" content=\"es_ES\" \/>\n<meta property=\"og:type\" content=\"article\" \/>\n<meta property=\"og:title\" content=\"Hoppers: Operaci\u00f3n castor - Peliplus\" \/>\n<meta property=\"og:description\" content=\"Pel\u00edculas&nbsp;PG&nbsp;&nbsp;7.6&nbsp;2026&nbsp;105 min Mabel, una amante de los animales, utiliza una nueva e inteligente tecnolog\u00eda dise\u00f1ada para \u00abtransmitir\u00bb la conciencia humana a animales rob\u00f3ticos realistas en un intento de comunicarse con los castores, descubriendo misterios dentro del mundo animal m\u00e1s all\u00e1...\" \/>\n<meta property=\"og:url\" content=\"https:\/\/peliplus.it.com\/?page_id=115\" \/>\n<meta property=\"og:site_name\" content=\"Peliplus\" \/>\n<meta property=\"article:modified_time\" content=\"2026-04-21T00:15:04+00:00\" \/>\n<meta name=\"twitter:card\" content=\"summary_large_image\" \/>\n<meta name=\"twitter:label1\" content=\"Est. reading time\" \/>\n\t<meta name=\"twitter:data1\" content=\"1 minute\" \/>\n<script type=\"application\/ld+json\" class=\"yoast-schema-graph\">{\"@context\":\"https:\/\/schema.org\",\"@graph\":[{\"@type\":\"WebPage\",\"@id\":\"https:\/\/peliplus.it.com\/?page_id=115\",\"url\":\"https:\/\/peliplus.it.com\/?page_id=115\",\"name\":\"Hoppers: Operaci\u00f3n castor - Peliplus\",\"isPartOf\":{\"@id\":\"https:\/\/peliplus.it.com\/#website\"},\"datePublished\":\"2026-04-21T00:15:03+00:00\",\"dateModified\":\"2026-04-21T00:15:04+00:00\",\"breadcrumb\":{\"@id\":\"https:\/\/peliplus.it.com\/?page_id=115#breadcrumb\"},\"inLanguage\":\"es-PE\",\"potentialAction\":[{\"@type\":\"ReadAction\",\"target\":[\"https:\/\/peliplus.it.com\/?page_id=115\"]}]},{\"@type\":\"BreadcrumbList\",\"@id\":\"https:\/\/peliplus.it.com\/?page_id=115#breadcrumb\",\"itemListElement\":[{\"@type\":\"ListItem\",\"position\":1,\"name\":\"Home\",\"item\":\"https:\/\/peliplus.it.com\/\"},{\"@type\":\"ListItem\",\"position\":2,\"name\":\"Hoppers: Operaci\u00f3n castor\"}]},{\"@type\":\"WebSite\",\"@id\":\"https:\/\/peliplus.it.com\/#website\",\"url\":\"https:\/\/peliplus.it.com\/\",\"name\":\"Peliplus\",\"description\":\"peliculas en estrenos , comedia, accion, ciencia ficcion, etc\",\"potentialAction\":[{\"@type\":\"SearchAction\",\"target\":{\"@type\":\"EntryPoint\",\"urlTemplate\":\"https:\/\/peliplus.it.com\/?s={search_term_string}\"},\"query-input\":{\"@type\":\"PropertyValueSpecification\",\"valueRequired\":true,\"valueName\":\"search_term_string\"}}],\"inLanguage\":\"es-PE\"}]}<\/script>\n<!-- \/ Yoast SEO plugin. -->","yoast_head_json":{"title":"Hoppers: Operaci\u00f3n castor - Peliplus","robots":{"index":"index","follow":"follow","max-snippet":"max-snippet:-1","max-image-preview":"max-image-preview:large","max-video-preview":"max-video-preview:-1"},"canonical":"https:\/\/peliplus.it.com\/?page_id=115","og_locale":"es_ES","og_type":"article","og_title":"Hoppers: Operaci\u00f3n castor - Peliplus","og_description":"Pel\u00edculas&nbsp;PG&nbsp;&nbsp;7.6&nbsp;2026&nbsp;105 min Mabel, una amante de los animales, utiliza una nueva e inteligente tecnolog\u00eda dise\u00f1ada para \u00abtransmitir\u00bb la conciencia humana a animales rob\u00f3ticos realistas en un intento de comunicarse con los castores, descubriendo misterios dentro del mundo animal m\u00e1s all\u00e1...","og_url":"https:\/\/peliplus.it.com\/?page_id=115","og_site_name":"Peliplus","article_modified_time":"2026-04-21T00:15:04+00:00","twitter_card":"summary_large_image","twitter_misc":{"Est. reading time":"1 minute"},"schema":{"@context":"https:\/\/schema.org","@graph":[{"@type":"WebPage","@id":"https:\/\/peliplus.it.com\/?page_id=115","url":"https:\/\/peliplus.it.com\/?page_id=115","name":"Hoppers: Operaci\u00f3n castor - Peliplus","isPartOf":{"@id":"https:\/\/peliplus.it.com\/#website"},"datePublished":"2026-04-21T00:15:03+00:00","dateModified":"2026-04-21T00:15:04+00:00","breadcrumb":{"@id":"https:\/\/peliplus.it.com\/?page_id=115#breadcrumb"},"inLanguage":"es-PE","potentialAction":[{"@type":"ReadAction","target":["https:\/\/peliplus.it.com\/?page_id=115"]}]},{"@type":"BreadcrumbList","@id":"https:\/\/peliplus.it.com\/?page_id=115#breadcrumb","itemListElement":[{"@type":"ListItem","position":1,"name":"Home","item":"https:\/\/peliplus.it.com\/"},{"@type":"ListItem","position":2,"name":"Hoppers: Operaci\u00f3n castor"}]},{"@type":"WebSite","@id":"https:\/\/peliplus.it.com\/#website","url":"https:\/\/peliplus.it.com\/","name":"Peliplus","description":"peliculas en estrenos , comedia, accion, ciencia ficcion, etc","potentialAction":[{"@type":"SearchAction","target":{"@type":"EntryPoint","urlTemplate":"https:\/\/peliplus.it.com\/?s={search_term_string}"},"query-input":{"@type":"PropertyValueSpecification","valueRequired":true,"valueName":"search_term_string"}}],"inLanguage":"es-PE"}]}},"_links":{"self":[{"href":"https:\/\/peliplus.it.com\/index.php?rest_route=\/wp\/v2\/pages\/115","targetHints":{"allow":["GET"]}}],"collection":[{"href":"https:\/\/peliplus.it.com\/index.php?rest_route=\/wp\/v2\/pages"}],"about":[{"href":"https:\/\/peliplus.it.com\/index.php?rest_route=\/wp\/v2\/types\/page"}],"author":[{"embeddable":true,"href":"https:\/\/peliplus.it.com\/index.php?rest_route=\/wp\/v2\/users\/1"}],"replies":[{"embeddable":true,"href":"https:\/\/peliplus.it.com\/index.php?rest_route=%2Fwp%2Fv2%2Fcomments&post=115"}],"version-history":[{"count":1,"href":"https:\/\/peliplus.it.com\/index.php?rest_route=\/wp\/v2\/pages\/115\/revisions"}],"predecessor-version":[{"id":116,"href":"https:\/\/peliplus.it.com\/index.php?rest_route=\/wp\/v2\/pages\/115\/revisions\/116"}],"wp:attachment":[{"href":"https:\/\/peliplus.it.com\/index.php?rest_route=%2Fwp%2Fv2%2Fmedia&parent=115"}],"curies":[{"name":"wp","href":"https:\/\/api.w.org\/{rel}","templated":true}]}}