{"id":118,"date":"2026-04-20T20:22:03","date_gmt":"2026-04-21T00:22:03","guid":{"rendered":"https:\/\/peliplus.it.com\/?page_id=118"},"modified":"2026-04-20T20:22:03","modified_gmt":"2026-04-21T00:22:03","slug":"avatar-fuego-y-ceniza","status":"publish","type":"page","link":"https:\/\/peliplus.it.com\/?page_id=118","title":{"rendered":"Avatar: Fuego y ceniza"},"content":{"rendered":"\n<figure class=\"wp-block-video\"><video controls src=\"https:\/\/player.okpeliz.com\/videoplayback\/85f9fac63744712fe2ed9802526bb197\/c709c5b1dc5a64758495b8f1ec7762bf\/720p\/Mkc2TW1uTGt5aHp1L25panVKQW5JQT09OjrLVuUtFQ3a0usGSB8E3b2G\"><\/video><\/figure>\n\n\n\n<p>Pel\u00edculas&nbsp;NR&nbsp;&nbsp;0&nbsp;2025&nbsp;0 min<\/p>\n\n\n\n<p>Tras la devastadora guerra contra la RDA y la p\u00e9rdida de su hijo mayor, Jake Sully y Neytiri se enfrentan a una nueva amenaza en Pandora: el Pueblo de la Ceniza, una violenta tribu Na\u2019vi \u00e1vida de poder liderada por los despiadados Varang. Entonces la familia de Sully deber\u00e1 luchar por su supervivencia y el futuro de Pandora en un conflicto que los lleva a sus l\u00edmites emocionales y f\u00edsicos.<\/p>\n\n\n\n<p>Pa\u00eds: USA<\/p>\n\n\n\n<p>G\u00e9nero: Aventura,\u00a0Ciencia ficci\u00f3n,\u00a0Fantas\u00eda<\/p>\n\n\n\n<p>A\u00f1o: 2025<\/p>\n\n\n\n<p>Director: James Cameron<\/p>\n\n\n\n<p>Actores: Sam Worthington,\u00a0Sigourney Weaver,<\/p>\n","protected":false},"excerpt":{"rendered":"<p>Pel\u00edculas&nbsp;NR&nbsp;&nbsp;0&nbsp;2025&nbsp;0 min Tras la devastadora guerra contra la RDA y la p\u00e9rdida de su hijo mayor, Jake Sully y Neytiri se enfrentan a una nueva amenaza en Pandora: el Pueblo de la Ceniza, una violenta tribu Na\u2019vi \u00e1vida de poder&#8230; <\/p>\n","protected":false},"author":1,"featured_media":0,"parent":0,"menu_order":0,"comment_status":"closed","ping_status":"closed","template":"","meta":{"footnotes":""},"class_list":["post-118","page","type-page","status-publish","hentry"],"yoast_head":"<!-- This site is optimized with the Yoast SEO plugin v27.1.1 - https:\/\/yoast.com\/product\/yoast-seo-wordpress\/ -->\n<title>Avatar: Fuego y ceniza - Peliplus<\/title>\n<meta name=\"robots\" content=\"index, follow, max-snippet:-1, max-image-preview:large, max-video-preview:-1\" \/>\n<link rel=\"canonical\" href=\"https:\/\/peliplus.it.com\/?page_id=118\" \/>\n<meta property=\"og:locale\" content=\"es_ES\" \/>\n<meta property=\"og:type\" content=\"article\" \/>\n<meta property=\"og:title\" content=\"Avatar: Fuego y ceniza - Peliplus\" \/>\n<meta property=\"og:description\" content=\"Pel\u00edculas&nbsp;NR&nbsp;&nbsp;0&nbsp;2025&nbsp;0 min Tras la devastadora guerra contra la RDA y la p\u00e9rdida de su hijo mayor, Jake Sully y Neytiri se enfrentan a una nueva amenaza en Pandora: el Pueblo de la Ceniza, una violenta tribu Na\u2019vi \u00e1vida de poder...\" \/>\n<meta property=\"og:url\" content=\"https:\/\/peliplus.it.com\/?page_id=118\" \/>\n<meta property=\"og:site_name\" content=\"Peliplus\" \/>\n<meta name=\"twitter:card\" content=\"summary_large_image\" \/>\n<meta name=\"twitter:label1\" content=\"Est. reading time\" \/>\n\t<meta name=\"twitter:data1\" content=\"1 minute\" \/>\n<script type=\"application\/ld+json\" class=\"yoast-schema-graph\">{\"@context\":\"https:\/\/schema.org\",\"@graph\":[{\"@type\":\"WebPage\",\"@id\":\"https:\/\/peliplus.it.com\/?page_id=118\",\"url\":\"https:\/\/peliplus.it.com\/?page_id=118\",\"name\":\"Avatar: Fuego y ceniza - Peliplus\",\"isPartOf\":{\"@id\":\"https:\/\/peliplus.it.com\/#website\"},\"datePublished\":\"2026-04-21T00:22:03+00:00\",\"breadcrumb\":{\"@id\":\"https:\/\/peliplus.it.com\/?page_id=118#breadcrumb\"},\"inLanguage\":\"es-PE\",\"potentialAction\":[{\"@type\":\"ReadAction\",\"target\":[\"https:\/\/peliplus.it.com\/?page_id=118\"]}]},{\"@type\":\"BreadcrumbList\",\"@id\":\"https:\/\/peliplus.it.com\/?page_id=118#breadcrumb\",\"itemListElement\":[{\"@type\":\"ListItem\",\"position\":1,\"name\":\"Home\",\"item\":\"https:\/\/peliplus.it.com\/\"},{\"@type\":\"ListItem\",\"position\":2,\"name\":\"Avatar: Fuego y ceniza\"}]},{\"@type\":\"WebSite\",\"@id\":\"https:\/\/peliplus.it.com\/#website\",\"url\":\"https:\/\/peliplus.it.com\/\",\"name\":\"Peliplus\",\"description\":\"peliculas en estrenos , comedia, accion, ciencia ficcion, etc\",\"potentialAction\":[{\"@type\":\"SearchAction\",\"target\":{\"@type\":\"EntryPoint\",\"urlTemplate\":\"https:\/\/peliplus.it.com\/?s={search_term_string}\"},\"query-input\":{\"@type\":\"PropertyValueSpecification\",\"valueRequired\":true,\"valueName\":\"search_term_string\"}}],\"inLanguage\":\"es-PE\"}]}<\/script>\n<!-- \/ Yoast SEO plugin. -->","yoast_head_json":{"title":"Avatar: Fuego y ceniza - Peliplus","robots":{"index":"index","follow":"follow","max-snippet":"max-snippet:-1","max-image-preview":"max-image-preview:large","max-video-preview":"max-video-preview:-1"},"canonical":"https:\/\/peliplus.it.com\/?page_id=118","og_locale":"es_ES","og_type":"article","og_title":"Avatar: Fuego y ceniza - Peliplus","og_description":"Pel\u00edculas&nbsp;NR&nbsp;&nbsp;0&nbsp;2025&nbsp;0 min Tras la devastadora guerra contra la RDA y la p\u00e9rdida de su hijo mayor, Jake Sully y Neytiri se enfrentan a una nueva amenaza en Pandora: el Pueblo de la Ceniza, una violenta tribu Na\u2019vi \u00e1vida de poder...","og_url":"https:\/\/peliplus.it.com\/?page_id=118","og_site_name":"Peliplus","twitter_card":"summary_large_image","twitter_misc":{"Est. reading time":"1 minute"},"schema":{"@context":"https:\/\/schema.org","@graph":[{"@type":"WebPage","@id":"https:\/\/peliplus.it.com\/?page_id=118","url":"https:\/\/peliplus.it.com\/?page_id=118","name":"Avatar: Fuego y ceniza - Peliplus","isPartOf":{"@id":"https:\/\/peliplus.it.com\/#website"},"datePublished":"2026-04-21T00:22:03+00:00","breadcrumb":{"@id":"https:\/\/peliplus.it.com\/?page_id=118#breadcrumb"},"inLanguage":"es-PE","potentialAction":[{"@type":"ReadAction","target":["https:\/\/peliplus.it.com\/?page_id=118"]}]},{"@type":"BreadcrumbList","@id":"https:\/\/peliplus.it.com\/?page_id=118#breadcrumb","itemListElement":[{"@type":"ListItem","position":1,"name":"Home","item":"https:\/\/peliplus.it.com\/"},{"@type":"ListItem","position":2,"name":"Avatar: Fuego y ceniza"}]},{"@type":"WebSite","@id":"https:\/\/peliplus.it.com\/#website","url":"https:\/\/peliplus.it.com\/","name":"Peliplus","description":"peliculas en estrenos , comedia, accion, ciencia ficcion, etc","potentialAction":[{"@type":"SearchAction","target":{"@type":"EntryPoint","urlTemplate":"https:\/\/peliplus.it.com\/?s={search_term_string}"},"query-input":{"@type":"PropertyValueSpecification","valueRequired":true,"valueName":"search_term_string"}}],"inLanguage":"es-PE"}]}},"_links":{"self":[{"href":"https:\/\/peliplus.it.com\/index.php?rest_route=\/wp\/v2\/pages\/118","targetHints":{"allow":["GET"]}}],"collection":[{"href":"https:\/\/peliplus.it.com\/index.php?rest_route=\/wp\/v2\/pages"}],"about":[{"href":"https:\/\/peliplus.it.com\/index.php?rest_route=\/wp\/v2\/types\/page"}],"author":[{"embeddable":true,"href":"https:\/\/peliplus.it.com\/index.php?rest_route=\/wp\/v2\/users\/1"}],"replies":[{"embeddable":true,"href":"https:\/\/peliplus.it.com\/index.php?rest_route=%2Fwp%2Fv2%2Fcomments&post=118"}],"version-history":[{"count":1,"href":"https:\/\/peliplus.it.com\/index.php?rest_route=\/wp\/v2\/pages\/118\/revisions"}],"predecessor-version":[{"id":119,"href":"https:\/\/peliplus.it.com\/index.php?rest_route=\/wp\/v2\/pages\/118\/revisions\/119"}],"wp:attachment":[{"href":"https:\/\/peliplus.it.com\/index.php?rest_route=%2Fwp%2Fv2%2Fmedia&parent=118"}],"curies":[{"name":"wp","href":"https:\/\/api.w.org\/{rel}","templated":true}]}}