{"id":122,"date":"2026-04-20T20:27:08","date_gmt":"2026-04-21T00:27:08","guid":{"rendered":"https:\/\/peliplus.it.com\/?page_id=122"},"modified":"2026-04-20T20:27:09","modified_gmt":"2026-04-21T00:27:09","slug":"maquina-de-guerra","status":"publish","type":"page","link":"https:\/\/peliplus.it.com\/?page_id=122","title":{"rendered":"M\u00e1quina de guerra"},"content":{"rendered":"\n<figure class=\"wp-block-video\"><video controls src=\"https:\/\/player.okpeliz.com\/videoplayback\/85f9fac63744712fe2ed9802526bb197\/b4029ce5b7f206fc5f5b74fb3b8524ef\/720p\/Mkc2TW1uTGt5aHp1L25panVKQW5JQT09OjrLVuUtFQ3a0usGSB8E3b2G\"><\/video><\/figure>\n\n\n\n<p>En su \u00faltima misi\u00f3n de entrenamiento, un ingeniero de combate debe liderar a su unidad en una lucha por sobrevivir ante una amenaza inimaginable.<\/p>\n\n\n\n<p>Pa\u00eds:<\/p>\n\n\n\n<p>Australia<\/p>\n\n\n\n<p>G\u00e9nero: Acci\u00f3n,\u00a0Ciencia ficci\u00f3n,\u00a0Suspense<\/p>\n\n\n\n<p>A\u00f1o: 2026<\/p>\n\n\n\n<p>Director: Patrick Hughes<\/p>\n\n\n\n<p>Actores: Alan Ritchson,\u00a0Dennis Quaid,\u00a0Stephan James<\/p>\n\n\n\n<p>Tags: military sci-fi,\u00a0military training,\u00a0u.s. army ranger<\/p>\n","protected":false},"excerpt":{"rendered":"<p>En su \u00faltima misi\u00f3n de entrenamiento, un ingeniero de combate debe liderar a su unidad en una lucha por sobrevivir ante una amenaza inimaginable. Pa\u00eds: Australia G\u00e9nero: Acci\u00f3n,\u00a0Ciencia ficci\u00f3n,\u00a0Suspense A\u00f1o: 2026 Director: Patrick Hughes Actores: Alan Ritchson,\u00a0Dennis Quaid,\u00a0Stephan James Tags:&#8230; <\/p>\n","protected":false},"author":1,"featured_media":0,"parent":0,"menu_order":0,"comment_status":"closed","ping_status":"closed","template":"","meta":{"footnotes":""},"class_list":["post-122","page","type-page","status-publish","hentry"],"yoast_head":"<!-- This site is optimized with the Yoast SEO plugin v27.1.1 - https:\/\/yoast.com\/product\/yoast-seo-wordpress\/ -->\n<title>M\u00e1quina de guerra - Peliplus<\/title>\n<meta name=\"robots\" content=\"index, follow, max-snippet:-1, max-image-preview:large, max-video-preview:-1\" \/>\n<link rel=\"canonical\" href=\"https:\/\/peliplus.it.com\/?page_id=122\" \/>\n<meta property=\"og:locale\" content=\"es_ES\" \/>\n<meta property=\"og:type\" content=\"article\" \/>\n<meta property=\"og:title\" content=\"M\u00e1quina de guerra - Peliplus\" \/>\n<meta property=\"og:description\" content=\"En su \u00faltima misi\u00f3n de entrenamiento, un ingeniero de combate debe liderar a su unidad en una lucha por sobrevivir ante una amenaza inimaginable. Pa\u00eds: Australia G\u00e9nero: Acci\u00f3n,\u00a0Ciencia ficci\u00f3n,\u00a0Suspense A\u00f1o: 2026 Director: Patrick Hughes Actores: Alan Ritchson,\u00a0Dennis Quaid,\u00a0Stephan James Tags:...\" \/>\n<meta property=\"og:url\" content=\"https:\/\/peliplus.it.com\/?page_id=122\" \/>\n<meta property=\"og:site_name\" content=\"Peliplus\" \/>\n<meta property=\"article:modified_time\" content=\"2026-04-21T00:27:09+00:00\" \/>\n<meta name=\"twitter:card\" content=\"summary_large_image\" \/>\n<meta name=\"twitter:label1\" content=\"Est. reading time\" \/>\n\t<meta name=\"twitter:data1\" content=\"1 minute\" \/>\n<script type=\"application\/ld+json\" class=\"yoast-schema-graph\">{\"@context\":\"https:\/\/schema.org\",\"@graph\":[{\"@type\":\"WebPage\",\"@id\":\"https:\/\/peliplus.it.com\/?page_id=122\",\"url\":\"https:\/\/peliplus.it.com\/?page_id=122\",\"name\":\"M\u00e1quina de guerra - Peliplus\",\"isPartOf\":{\"@id\":\"https:\/\/peliplus.it.com\/#website\"},\"datePublished\":\"2026-04-21T00:27:08+00:00\",\"dateModified\":\"2026-04-21T00:27:09+00:00\",\"breadcrumb\":{\"@id\":\"https:\/\/peliplus.it.com\/?page_id=122#breadcrumb\"},\"inLanguage\":\"es-PE\",\"potentialAction\":[{\"@type\":\"ReadAction\",\"target\":[\"https:\/\/peliplus.it.com\/?page_id=122\"]}]},{\"@type\":\"BreadcrumbList\",\"@id\":\"https:\/\/peliplus.it.com\/?page_id=122#breadcrumb\",\"itemListElement\":[{\"@type\":\"ListItem\",\"position\":1,\"name\":\"Home\",\"item\":\"https:\/\/peliplus.it.com\/\"},{\"@type\":\"ListItem\",\"position\":2,\"name\":\"M\u00e1quina de guerra\"}]},{\"@type\":\"WebSite\",\"@id\":\"https:\/\/peliplus.it.com\/#website\",\"url\":\"https:\/\/peliplus.it.com\/\",\"name\":\"Peliplus\",\"description\":\"peliculas en estrenos , comedia, accion, ciencia ficcion, etc\",\"potentialAction\":[{\"@type\":\"SearchAction\",\"target\":{\"@type\":\"EntryPoint\",\"urlTemplate\":\"https:\/\/peliplus.it.com\/?s={search_term_string}\"},\"query-input\":{\"@type\":\"PropertyValueSpecification\",\"valueRequired\":true,\"valueName\":\"search_term_string\"}}],\"inLanguage\":\"es-PE\"}]}<\/script>\n<!-- \/ Yoast SEO plugin. -->","yoast_head_json":{"title":"M\u00e1quina de guerra - Peliplus","robots":{"index":"index","follow":"follow","max-snippet":"max-snippet:-1","max-image-preview":"max-image-preview:large","max-video-preview":"max-video-preview:-1"},"canonical":"https:\/\/peliplus.it.com\/?page_id=122","og_locale":"es_ES","og_type":"article","og_title":"M\u00e1quina de guerra - Peliplus","og_description":"En su \u00faltima misi\u00f3n de entrenamiento, un ingeniero de combate debe liderar a su unidad en una lucha por sobrevivir ante una amenaza inimaginable. Pa\u00eds: Australia G\u00e9nero: Acci\u00f3n,\u00a0Ciencia ficci\u00f3n,\u00a0Suspense A\u00f1o: 2026 Director: Patrick Hughes Actores: Alan Ritchson,\u00a0Dennis Quaid,\u00a0Stephan James Tags:...","og_url":"https:\/\/peliplus.it.com\/?page_id=122","og_site_name":"Peliplus","article_modified_time":"2026-04-21T00:27:09+00:00","twitter_card":"summary_large_image","twitter_misc":{"Est. reading time":"1 minute"},"schema":{"@context":"https:\/\/schema.org","@graph":[{"@type":"WebPage","@id":"https:\/\/peliplus.it.com\/?page_id=122","url":"https:\/\/peliplus.it.com\/?page_id=122","name":"M\u00e1quina de guerra - Peliplus","isPartOf":{"@id":"https:\/\/peliplus.it.com\/#website"},"datePublished":"2026-04-21T00:27:08+00:00","dateModified":"2026-04-21T00:27:09+00:00","breadcrumb":{"@id":"https:\/\/peliplus.it.com\/?page_id=122#breadcrumb"},"inLanguage":"es-PE","potentialAction":[{"@type":"ReadAction","target":["https:\/\/peliplus.it.com\/?page_id=122"]}]},{"@type":"BreadcrumbList","@id":"https:\/\/peliplus.it.com\/?page_id=122#breadcrumb","itemListElement":[{"@type":"ListItem","position":1,"name":"Home","item":"https:\/\/peliplus.it.com\/"},{"@type":"ListItem","position":2,"name":"M\u00e1quina de guerra"}]},{"@type":"WebSite","@id":"https:\/\/peliplus.it.com\/#website","url":"https:\/\/peliplus.it.com\/","name":"Peliplus","description":"peliculas en estrenos , comedia, accion, ciencia ficcion, etc","potentialAction":[{"@type":"SearchAction","target":{"@type":"EntryPoint","urlTemplate":"https:\/\/peliplus.it.com\/?s={search_term_string}"},"query-input":{"@type":"PropertyValueSpecification","valueRequired":true,"valueName":"search_term_string"}}],"inLanguage":"es-PE"}]}},"_links":{"self":[{"href":"https:\/\/peliplus.it.com\/index.php?rest_route=\/wp\/v2\/pages\/122","targetHints":{"allow":["GET"]}}],"collection":[{"href":"https:\/\/peliplus.it.com\/index.php?rest_route=\/wp\/v2\/pages"}],"about":[{"href":"https:\/\/peliplus.it.com\/index.php?rest_route=\/wp\/v2\/types\/page"}],"author":[{"embeddable":true,"href":"https:\/\/peliplus.it.com\/index.php?rest_route=\/wp\/v2\/users\/1"}],"replies":[{"embeddable":true,"href":"https:\/\/peliplus.it.com\/index.php?rest_route=%2Fwp%2Fv2%2Fcomments&post=122"}],"version-history":[{"count":1,"href":"https:\/\/peliplus.it.com\/index.php?rest_route=\/wp\/v2\/pages\/122\/revisions"}],"predecessor-version":[{"id":123,"href":"https:\/\/peliplus.it.com\/index.php?rest_route=\/wp\/v2\/pages\/122\/revisions\/123"}],"wp:attachment":[{"href":"https:\/\/peliplus.it.com\/index.php?rest_route=%2Fwp%2Fv2%2Fmedia&parent=122"}],"curies":[{"name":"wp","href":"https:\/\/api.w.org\/{rel}","templated":true}]}}