{"id":128,"date":"2026-04-20T20:33:50","date_gmt":"2026-04-21T00:33:50","guid":{"rendered":"https:\/\/peliplus.it.com\/?page_id=128"},"modified":"2026-04-20T20:33:51","modified_gmt":"2026-04-21T00:33:51","slug":"scream-7","status":"publish","type":"page","link":"https:\/\/peliplus.it.com\/?page_id=128","title":{"rendered":"Scream 7"},"content":{"rendered":"\n<figure class=\"wp-block-video\"><video controls src=\"https:\/\/player.okpeliz.com\/videoplayback\/85f9fac63744712fe2ed9802526bb197\/a148252059b01daf40849ca569cded68\/default\/Mkc2TW1uTGt5aHp1L25panVKQW5JQT09OjrLVuUtFQ3a0usGSB8E3b2G\"><\/video><\/figure>\n\n\n\n<p>La tranquila y rehecha vida Sidney Prescott se cae a pedazos cuando Ghostface llega al pueblo. Sin embargo, sus peores temores se hacen realidad cuando su hija Tatum se convierte en la pr\u00f3xima v\u00edctima.<\/p>\n\n\n\n<p>Pa\u00eds: USA<\/p>\n\n\n\n<p>G\u00e9nero: Crimen,\u00a0Misterio,\u00a0Terror<\/p>\n\n\n\n<p>A\u00f1o: 2026<\/p>\n\n\n\n<p>Director: Kevin Williamson<\/p>\n\n\n\n<p>Actores: Courteney Cox,\u00a0Isabel May,\u00a0Neve Campbell<\/p>\n\n\n\n<p>Tags: artificial intelligence (a.i.),\u00a0casual,\u00a0crime spree,\u00a0killing spree,\u00a0mask<\/p>\n","protected":false},"excerpt":{"rendered":"<p>La tranquila y rehecha vida Sidney Prescott se cae a pedazos cuando Ghostface llega al pueblo. Sin embargo, sus peores temores se hacen realidad cuando su hija Tatum se convierte en la pr\u00f3xima v\u00edctima. Pa\u00eds: USA G\u00e9nero: Crimen,\u00a0Misterio,\u00a0Terror A\u00f1o: 2026&#8230; <\/p>\n","protected":false},"author":1,"featured_media":0,"parent":0,"menu_order":0,"comment_status":"closed","ping_status":"closed","template":"","meta":{"footnotes":""},"class_list":["post-128","page","type-page","status-publish","hentry"],"yoast_head":"<!-- This site is optimized with the Yoast SEO plugin v27.1.1 - https:\/\/yoast.com\/product\/yoast-seo-wordpress\/ -->\n<title>Scream 7 - Peliplus<\/title>\n<meta name=\"robots\" content=\"index, follow, max-snippet:-1, max-image-preview:large, max-video-preview:-1\" \/>\n<link rel=\"canonical\" href=\"https:\/\/peliplus.it.com\/?page_id=128\" \/>\n<meta property=\"og:locale\" content=\"es_ES\" \/>\n<meta property=\"og:type\" content=\"article\" \/>\n<meta property=\"og:title\" content=\"Scream 7 - Peliplus\" \/>\n<meta property=\"og:description\" content=\"La tranquila y rehecha vida Sidney Prescott se cae a pedazos cuando Ghostface llega al pueblo. Sin embargo, sus peores temores se hacen realidad cuando su hija Tatum se convierte en la pr\u00f3xima v\u00edctima. Pa\u00eds: USA G\u00e9nero: Crimen,\u00a0Misterio,\u00a0Terror A\u00f1o: 2026...\" \/>\n<meta property=\"og:url\" content=\"https:\/\/peliplus.it.com\/?page_id=128\" \/>\n<meta property=\"og:site_name\" content=\"Peliplus\" \/>\n<meta property=\"article:modified_time\" content=\"2026-04-21T00:33:51+00:00\" \/>\n<meta name=\"twitter:card\" content=\"summary_large_image\" \/>\n<meta name=\"twitter:label1\" content=\"Est. reading time\" \/>\n\t<meta name=\"twitter:data1\" content=\"1 minute\" \/>\n<script type=\"application\/ld+json\" class=\"yoast-schema-graph\">{\"@context\":\"https:\/\/schema.org\",\"@graph\":[{\"@type\":\"WebPage\",\"@id\":\"https:\/\/peliplus.it.com\/?page_id=128\",\"url\":\"https:\/\/peliplus.it.com\/?page_id=128\",\"name\":\"Scream 7 - Peliplus\",\"isPartOf\":{\"@id\":\"https:\/\/peliplus.it.com\/#website\"},\"datePublished\":\"2026-04-21T00:33:50+00:00\",\"dateModified\":\"2026-04-21T00:33:51+00:00\",\"breadcrumb\":{\"@id\":\"https:\/\/peliplus.it.com\/?page_id=128#breadcrumb\"},\"inLanguage\":\"es-PE\",\"potentialAction\":[{\"@type\":\"ReadAction\",\"target\":[\"https:\/\/peliplus.it.com\/?page_id=128\"]}]},{\"@type\":\"BreadcrumbList\",\"@id\":\"https:\/\/peliplus.it.com\/?page_id=128#breadcrumb\",\"itemListElement\":[{\"@type\":\"ListItem\",\"position\":1,\"name\":\"Home\",\"item\":\"https:\/\/peliplus.it.com\/\"},{\"@type\":\"ListItem\",\"position\":2,\"name\":\"Scream 7\"}]},{\"@type\":\"WebSite\",\"@id\":\"https:\/\/peliplus.it.com\/#website\",\"url\":\"https:\/\/peliplus.it.com\/\",\"name\":\"Peliplus\",\"description\":\"peliculas en estrenos , comedia, accion, ciencia ficcion, etc\",\"potentialAction\":[{\"@type\":\"SearchAction\",\"target\":{\"@type\":\"EntryPoint\",\"urlTemplate\":\"https:\/\/peliplus.it.com\/?s={search_term_string}\"},\"query-input\":{\"@type\":\"PropertyValueSpecification\",\"valueRequired\":true,\"valueName\":\"search_term_string\"}}],\"inLanguage\":\"es-PE\"}]}<\/script>\n<!-- \/ Yoast SEO plugin. -->","yoast_head_json":{"title":"Scream 7 - Peliplus","robots":{"index":"index","follow":"follow","max-snippet":"max-snippet:-1","max-image-preview":"max-image-preview:large","max-video-preview":"max-video-preview:-1"},"canonical":"https:\/\/peliplus.it.com\/?page_id=128","og_locale":"es_ES","og_type":"article","og_title":"Scream 7 - Peliplus","og_description":"La tranquila y rehecha vida Sidney Prescott se cae a pedazos cuando Ghostface llega al pueblo. Sin embargo, sus peores temores se hacen realidad cuando su hija Tatum se convierte en la pr\u00f3xima v\u00edctima. Pa\u00eds: USA G\u00e9nero: Crimen,\u00a0Misterio,\u00a0Terror A\u00f1o: 2026...","og_url":"https:\/\/peliplus.it.com\/?page_id=128","og_site_name":"Peliplus","article_modified_time":"2026-04-21T00:33:51+00:00","twitter_card":"summary_large_image","twitter_misc":{"Est. reading time":"1 minute"},"schema":{"@context":"https:\/\/schema.org","@graph":[{"@type":"WebPage","@id":"https:\/\/peliplus.it.com\/?page_id=128","url":"https:\/\/peliplus.it.com\/?page_id=128","name":"Scream 7 - Peliplus","isPartOf":{"@id":"https:\/\/peliplus.it.com\/#website"},"datePublished":"2026-04-21T00:33:50+00:00","dateModified":"2026-04-21T00:33:51+00:00","breadcrumb":{"@id":"https:\/\/peliplus.it.com\/?page_id=128#breadcrumb"},"inLanguage":"es-PE","potentialAction":[{"@type":"ReadAction","target":["https:\/\/peliplus.it.com\/?page_id=128"]}]},{"@type":"BreadcrumbList","@id":"https:\/\/peliplus.it.com\/?page_id=128#breadcrumb","itemListElement":[{"@type":"ListItem","position":1,"name":"Home","item":"https:\/\/peliplus.it.com\/"},{"@type":"ListItem","position":2,"name":"Scream 7"}]},{"@type":"WebSite","@id":"https:\/\/peliplus.it.com\/#website","url":"https:\/\/peliplus.it.com\/","name":"Peliplus","description":"peliculas en estrenos , comedia, accion, ciencia ficcion, etc","potentialAction":[{"@type":"SearchAction","target":{"@type":"EntryPoint","urlTemplate":"https:\/\/peliplus.it.com\/?s={search_term_string}"},"query-input":{"@type":"PropertyValueSpecification","valueRequired":true,"valueName":"search_term_string"}}],"inLanguage":"es-PE"}]}},"_links":{"self":[{"href":"https:\/\/peliplus.it.com\/index.php?rest_route=\/wp\/v2\/pages\/128","targetHints":{"allow":["GET"]}}],"collection":[{"href":"https:\/\/peliplus.it.com\/index.php?rest_route=\/wp\/v2\/pages"}],"about":[{"href":"https:\/\/peliplus.it.com\/index.php?rest_route=\/wp\/v2\/types\/page"}],"author":[{"embeddable":true,"href":"https:\/\/peliplus.it.com\/index.php?rest_route=\/wp\/v2\/users\/1"}],"replies":[{"embeddable":true,"href":"https:\/\/peliplus.it.com\/index.php?rest_route=%2Fwp%2Fv2%2Fcomments&post=128"}],"version-history":[{"count":1,"href":"https:\/\/peliplus.it.com\/index.php?rest_route=\/wp\/v2\/pages\/128\/revisions"}],"predecessor-version":[{"id":129,"href":"https:\/\/peliplus.it.com\/index.php?rest_route=\/wp\/v2\/pages\/128\/revisions\/129"}],"wp:attachment":[{"href":"https:\/\/peliplus.it.com\/index.php?rest_route=%2Fwp%2Fv2%2Fmedia&parent=128"}],"curies":[{"name":"wp","href":"https:\/\/api.w.org\/{rel}","templated":true}]}}