{"id":2,"date":"2026-03-30T14:33:53","date_gmt":"2026-03-30T14:33:53","guid":{"rendered":"https:\/\/peliplus.it.com\/?page_id=2"},"modified":"2026-03-30T15:05:56","modified_gmt":"2026-03-30T15:05:56","slug":"sample-page","status":"publish","type":"page","link":"https:\/\/peliplus.it.com\/?page_id=2","title":{"rendered":"Pel\u00edculas y series ilimitadas y mucho m\u00e1s"},"content":{"rendered":"\n<h2 class=\"wp-block-heading\"><strong>peliplus <\/strong>es un servicio de streaming que ofrece una gran variedad de pel\u00edculas, series y documentales premiados en casi cualquier pantalla conectada a internet.<\/h2>\n\n\n\n<p>Todo lo que quieras ver, sin l\u00edmites ni comerciales, a un costo muy accesible. Siempre hay algo nuevo por descubrir, \u00a1y todas las semanas se agregan m\u00e1s pel\u00edculas y series!<\/p>\n\n\n\n<blockquote class=\"wp-block-quote is-layout-flow wp-block-quote-is-layout-flow\">\n<p>The XYZ Doohickey Company was founded in 1971, and has been providing quality doohickeys to the public ever since. Located in Gotham City, XYZ employs over 2,000 people and does all kinds of awesome things for the Gotham community.<\/p>\n<\/blockquote>\n\n\n\n<p>As a new WordPress user, you should go to <a href=\"https:\/\/peliplus.it.com\/wp-admin\/\">your dashboard<\/a> to delete this page and create new pages for your content. Have fun!<\/p>\n\n\n\n<p>This is an example page. It&#8217;s different from a blog post because it will stay in one place and will show up in your site navigation (in most themes). Most people start with an About page that introduces them to potential site visitors. It might say something like this:<\/p>\n\n\n\n<blockquote class=\"wp-block-quote is-layout-flow wp-block-quote-is-layout-flow\">\n<p>Hi there! I&#8217;m a bike messenger by day, aspiring actor by night, and this is my website. I live in Los Angeles, have a great dog named Jack, and I like pi\u00f1a coladas. (And gettin&#8217; caught in the rain.)<\/p>\n<\/blockquote>\n\n\n\n<p>&#8230;or something like this:<\/p>\n\n\n\n<blockquote class=\"wp-block-quote is-layout-flow wp-block-quote-is-layout-flow\">\n<p>The XYZ Doohickey Company was founded in 1971, and has been providing quality doohickeys to the public ever since. Located in Gotham City, XYZ employs over 2,000 people and does all kinds of awesome things for the Gotham community.<\/p>\n<\/blockquote>\n\n\n\n<p>As a new WordPress user, you should go to <a href=\"https:\/\/peliplus.it.com\/wp-admin\/\">your dashboard<\/a> to delete this page and create new pages for your content. Have fun!<\/p>\n","protected":false},"excerpt":{"rendered":"<p>peliplus es un servicio de streaming que ofrece una gran variedad de pel\u00edculas, series y documentales premiados en casi cualquier pantalla conectada a internet. Todo lo que quieras ver, sin l\u00edmites ni comerciales, a un costo muy accesible. Siempre hay algo nuevo por descubrir, \u00a1y todas las semanas se agregan m\u00e1s pel\u00edculas y series! The [&hellip;]<\/p>\n","protected":false},"author":1,"featured_media":0,"parent":0,"menu_order":0,"comment_status":"closed","ping_status":"open","template":"","meta":{"footnotes":""},"class_list":["post-2","page","type-page","status-publish","hentry"],"yoast_head":"<!-- This site is optimized with the Yoast SEO plugin v27.1.1 - https:\/\/yoast.com\/product\/yoast-seo-wordpress\/ -->\n<title>Pel\u00edculas y series ilimitadas y mucho m\u00e1s -<\/title>\n<meta name=\"robots\" content=\"index, follow, max-snippet:-1, max-image-preview:large, max-video-preview:-1\" \/>\n<link rel=\"canonical\" href=\"http:\/\/peliplus.it.com\/?page_id=2\" \/>\n<meta property=\"og:locale\" content=\"en_US\" \/>\n<meta property=\"og:type\" content=\"article\" \/>\n<meta property=\"og:title\" content=\"Pel\u00edculas y series ilimitadas y mucho m\u00e1s -\" \/>\n<meta property=\"og:description\" content=\"peliplus es un servicio de streaming que ofrece una gran variedad de pel\u00edculas, series y documentales premiados en casi cualquier pantalla conectada a internet. Todo lo que quieras ver, sin l\u00edmites ni comerciales, a un costo muy accesible. Siempre hay algo nuevo por descubrir, \u00a1y todas las semanas se agregan m\u00e1s pel\u00edculas y series! The [&hellip;]\" \/>\n<meta property=\"og:url\" content=\"http:\/\/peliplus.it.com\/?page_id=2\" \/>\n<meta property=\"article:modified_time\" content=\"2026-03-30T15:05:56+00:00\" \/>\n<meta name=\"twitter:card\" content=\"summary_large_image\" \/>\n<meta name=\"twitter:label1\" content=\"Est. reading time\" \/>\n\t<meta name=\"twitter:data1\" content=\"1 minute\" \/>\n<script type=\"application\/ld+json\" class=\"yoast-schema-graph\">{\"@context\":\"https:\/\/schema.org\",\"@graph\":[{\"@type\":\"WebPage\",\"@id\":\"http:\/\/peliplus.it.com\/?page_id=2\",\"url\":\"http:\/\/peliplus.it.com\/?page_id=2\",\"name\":\"Pel\u00edculas y series ilimitadas y mucho m\u00e1s -\",\"isPartOf\":{\"@id\":\"http:\/\/peliplus.it.com\/#website\"},\"datePublished\":\"2026-03-30T14:33:53+00:00\",\"dateModified\":\"2026-03-30T15:05:56+00:00\",\"breadcrumb\":{\"@id\":\"http:\/\/peliplus.it.com\/?page_id=2#breadcrumb\"},\"inLanguage\":\"en-US\",\"potentialAction\":[{\"@type\":\"ReadAction\",\"target\":[\"http:\/\/peliplus.it.com\/?page_id=2\"]}]},{\"@type\":\"BreadcrumbList\",\"@id\":\"http:\/\/peliplus.it.com\/?page_id=2#breadcrumb\",\"itemListElement\":[{\"@type\":\"ListItem\",\"position\":1,\"name\":\"Home\",\"item\":\"http:\/\/peliplus.it.com\/\"},{\"@type\":\"ListItem\",\"position\":2,\"name\":\"Pel\u00edculas y series ilimitadas y mucho m\u00e1s\"}]},{\"@type\":\"WebSite\",\"@id\":\"http:\/\/peliplus.it.com\/#website\",\"url\":\"http:\/\/peliplus.it.com\/\",\"name\":\"\",\"description\":\"\",\"potentialAction\":[{\"@type\":\"SearchAction\",\"target\":{\"@type\":\"EntryPoint\",\"urlTemplate\":\"http:\/\/peliplus.it.com\/?s={search_term_string}\"},\"query-input\":{\"@type\":\"PropertyValueSpecification\",\"valueRequired\":true,\"valueName\":\"search_term_string\"}}],\"inLanguage\":\"en-US\"}]}<\/script>\n<!-- \/ Yoast SEO plugin. -->","yoast_head_json":{"title":"Pel\u00edculas y series ilimitadas y mucho m\u00e1s -","robots":{"index":"index","follow":"follow","max-snippet":"max-snippet:-1","max-image-preview":"max-image-preview:large","max-video-preview":"max-video-preview:-1"},"canonical":"http:\/\/peliplus.it.com\/?page_id=2","og_locale":"en_US","og_type":"article","og_title":"Pel\u00edculas y series ilimitadas y mucho m\u00e1s -","og_description":"peliplus es un servicio de streaming que ofrece una gran variedad de pel\u00edculas, series y documentales premiados en casi cualquier pantalla conectada a internet. Todo lo que quieras ver, sin l\u00edmites ni comerciales, a un costo muy accesible. Siempre hay algo nuevo por descubrir, \u00a1y todas las semanas se agregan m\u00e1s pel\u00edculas y series! The [&hellip;]","og_url":"http:\/\/peliplus.it.com\/?page_id=2","article_modified_time":"2026-03-30T15:05:56+00:00","twitter_card":"summary_large_image","twitter_misc":{"Est. reading time":"1 minute"},"schema":{"@context":"https:\/\/schema.org","@graph":[{"@type":"WebPage","@id":"http:\/\/peliplus.it.com\/?page_id=2","url":"http:\/\/peliplus.it.com\/?page_id=2","name":"Pel\u00edculas y series ilimitadas y mucho m\u00e1s -","isPartOf":{"@id":"http:\/\/peliplus.it.com\/#website"},"datePublished":"2026-03-30T14:33:53+00:00","dateModified":"2026-03-30T15:05:56+00:00","breadcrumb":{"@id":"http:\/\/peliplus.it.com\/?page_id=2#breadcrumb"},"inLanguage":"en-US","potentialAction":[{"@type":"ReadAction","target":["http:\/\/peliplus.it.com\/?page_id=2"]}]},{"@type":"BreadcrumbList","@id":"http:\/\/peliplus.it.com\/?page_id=2#breadcrumb","itemListElement":[{"@type":"ListItem","position":1,"name":"Home","item":"http:\/\/peliplus.it.com\/"},{"@type":"ListItem","position":2,"name":"Pel\u00edculas y series ilimitadas y mucho m\u00e1s"}]},{"@type":"WebSite","@id":"http:\/\/peliplus.it.com\/#website","url":"http:\/\/peliplus.it.com\/","name":"","description":"","potentialAction":[{"@type":"SearchAction","target":{"@type":"EntryPoint","urlTemplate":"http:\/\/peliplus.it.com\/?s={search_term_string}"},"query-input":{"@type":"PropertyValueSpecification","valueRequired":true,"valueName":"search_term_string"}}],"inLanguage":"en-US"}]}},"_links":{"self":[{"href":"https:\/\/peliplus.it.com\/index.php?rest_route=\/wp\/v2\/pages\/2","targetHints":{"allow":["GET"]}}],"collection":[{"href":"https:\/\/peliplus.it.com\/index.php?rest_route=\/wp\/v2\/pages"}],"about":[{"href":"https:\/\/peliplus.it.com\/index.php?rest_route=\/wp\/v2\/types\/page"}],"author":[{"embeddable":true,"href":"https:\/\/peliplus.it.com\/index.php?rest_route=\/wp\/v2\/users\/1"}],"replies":[{"embeddable":true,"href":"https:\/\/peliplus.it.com\/index.php?rest_route=%2Fwp%2Fv2%2Fcomments&post=2"}],"version-history":[{"count":1,"href":"https:\/\/peliplus.it.com\/index.php?rest_route=\/wp\/v2\/pages\/2\/revisions"}],"predecessor-version":[{"id":16,"href":"https:\/\/peliplus.it.com\/index.php?rest_route=\/wp\/v2\/pages\/2\/revisions\/16"}],"wp:attachment":[{"href":"https:\/\/peliplus.it.com\/index.php?rest_route=%2Fwp%2Fv2%2Fmedia&parent=2"}],"curies":[{"name":"wp","href":"https:\/\/api.w.org\/{rel}","templated":true}]}}